{"id":220,"date":"2024-12-08T18:47:30","date_gmt":"2024-12-08T21:47:30","guid":{"rendered":"https:\/\/dimeomarketing.com\/?page_id=220"},"modified":"2025-03-06T21:00:20","modified_gmt":"2025-03-07T00:00:20","slug":"cursos","status":"publish","type":"page","link":"https:\/\/dimeomarketing.com\/index.php\/cursos\/","title":{"rendered":"CALENDARIO DE CURSOS Y TALLERES 2025"},"content":{"rendered":"[vc_row gap=\u00bb15&#8243;][vc_column width=\u00bb1\/3&#8243; css=\u00bb.vc_custom_1733691750174{background-color: #f2f2f2 !important;}\u00bb][vc_single_image image=\u00bb231&#8243; img_size=\u00bb400X400&#8243;][vc_column_text]\r\n<h3><span style=\"color: #ff0000;\">MARZO: 25 y 27<\/span>\r\n<strong>C\u00d3MO VENDER EN REDES SOCIALES CON AUTOMATIZACI\u00d3N<\/strong><\/h3>\r\n[\/vc_column_text][vc_column_text]\r\n\r\nDise\u00f1a campa\u00f1as en META y utiliz\u00e1 la Inteligencia Artificial para automatizar y generar consultas de inter\u00e9s y potenciales de cierre de ventas\r\n\r\n[\/vc_column_text][vc_column_text]\r\n<ul>\r\n \t<li>Cantidad de encuentros: 2 de 2 horas cada uno<\/li>\r\n \t<li>Horario: de 18.30 a 20.30 hs.<\/li>\r\n \t<li>Modalidad: ONLINE POR ZOOM<\/li>\r\n \t<li><strong>$39.600 Final Por persona<\/strong><\/li>\r\n \t<li>Agencias del Grupo GEA 25% OFF<\/li>\r\n<\/ul>\r\n[\/vc_column_text][vc_btn title=\u00bb+ INFO E INCRIPCI\u00d3N AQU\u00cd\u00bb color=\u00bbblue\u00bb i_icon_fontawesome=\u00bbfas fa-mobile-alt\u00bb add_icon=\u00bbtrue\u00bb link=\u00bburl:https%3A%2F%2Fbit.ly%2F4ivGMOf\u00bb][\/vc_column][vc_column width=\u00bb1\/3&#8243; css=\u00bb.vc_custom_1733693446394{background-color: #f2f2f2 !important;}\u00bb][vc_single_image image=\u00bb242&#8243; img_size=\u00bb400X400&#8243;][vc_column_text]\r\n<h3><span style=\"color: #ff0000;\">ABRIL: 8 y 10<\/span>\r\n<strong>T\u00c9CNICAS MODERNAS DE VENTA ONLINE Y OFFLINE<\/strong><\/h3>\r\n[\/vc_column_text][vc_column_text]\r\n\r\nConoce el proceso de ventas que te permitir\u00e1 ganar tiempo y mejorar tus \u00edndices de cierre de ventas.\r\n\r\n[\/vc_column_text][vc_column_text]\r\n<ul>\r\n \t<li>Cantidad de encuentros: 2 de 2 horas cada uno<\/li>\r\n \t<li>Horario: de 18.30 a 20.30 hs.<\/li>\r\n \t<li>Modalidad: PRESENCIAL | Av. C\u00f3rdoba 1351 3\u00b0 Piso CABA<\/li>\r\n \t<li><strong>$ 42.000 Final Por persona<\/strong><\/li>\r\n \t<li>Agencias del Grupo GEA 25% OFF<\/li>\r\n<\/ul>\r\n[\/vc_column_text][vc_btn title=\u00bbPRONTO ABRIR\u00c1 LA INSCRIPCI\u00d3N, CONSULTANOS!\u00bb color=\u00bbdanger\u00bb i_icon_fontawesome=\u00bbfas fa-mobile-alt\u00bb add_icon=\u00bbtrue\u00bb link=\u00bburl:https%3A%2F%2Fwa.me%2Fmessage%2FCNPDDPLNDV2MF1&#8243;][\/vc_column][vc_column width=\u00bb1\/3&#8243; css=\u00bb.vc_custom_1733692803710{background-color: #f2f2f2 !important;}\u00bb][vc_single_image image=\u00bb253&#8243; img_size=\u00bb400X400&#8243;][vc_column_text]\r\n<h3><span style=\"color: #ff0000;\">ABRIL: 22 y 24<\/span>\r\n<strong>CANVA PR\u00c1CTICO\r\n<\/strong><strong>PARA AGENCIAS DE VIAJES<\/strong><\/h3>\r\n[\/vc_column_text][vc_column_text]\r\n\r\nConoc\u00e9 todas las herramientas que te brinda CANVA para dise\u00f1ar Redes Sociales, Videos, Presentaciones, Documentos de trabajo, PDF\u00b4s, y m\u00e1s!\r\n\r\n[\/vc_column_text][vc_column_text]\r\n<ul>\r\n \t<li>Cantidad de encuentros: 2 de 2 horas cada uno<\/li>\r\n \t<li>Horario: de 18.30 a 20.30 hs.<\/li>\r\n \t<li>Modalidad: ONLINE POR ZOOM<\/li>\r\n \t<li><strong>$ 42.000 Final Por persona<\/strong><\/li>\r\n \t<li>Agencias del Grupo GEA 25% OFF<\/li>\r\n<\/ul>\r\n[\/vc_column_text][vc_btn title=\u00bbPRONTO ABRIR\u00c1 LA INSCRIPCI\u00d3N, CONSULTANOS!\u00bb color=\u00bbdanger\u00bb i_icon_fontawesome=\u00bbfas fa-mobile-alt\u00bb add_icon=\u00bbtrue\u00bb link=\u00bburl:https%3A%2F%2Fwa.me%2Fmessage%2FCNPDDPLNDV2MF1&#8243;][\/vc_column][\/vc_row][vc_row][vc_column][vc_empty_space][\/vc_column][\/vc_row][vc_row gap=\u00bb15&#8243;][vc_column width=\u00bb1\/3&#8243; css=\u00bb.vc_custom_1733692803710{background-color: #f2f2f2 !important;}\u00bb][vc_single_image image=\u00bb231&#8243; img_size=\u00bb400X400&#8243;][vc_column_text]\r\n<h3><span style=\"color: #ff0000;\">MAYO: 20 y 22<\/span>\r\n<strong>C\u00d3MO VENDER EN REDES SOCIALES CON AUTOMATIZACI\u00d3N<\/strong><\/h3>\r\n[\/vc_column_text][vc_column_text]Dise\u00f1a campa\u00f1as en META y utiliz\u00e1 la Inteligencia Artificial para automatizar y generar consultas de inter\u00e9s y potenciales de cierre de ventas[\/vc_column_text][vc_column_text]\r\n<ul>\r\n \t<li>Cantidad de encuentros: 2 de 2 horas cada uno<\/li>\r\n \t<li>Horario: de 18.30 a 20.30 hs.<\/li>\r\n \t<li>Modalidad: ONLINE POR ZOOM<\/li>\r\n \t<li><strong>$ 43.500Final Por persona<\/strong><\/li>\r\n \t<li>Agencias del Grupo GEA 25% OFF<\/li>\r\n<\/ul>\r\n[\/vc_column_text][vc_btn title=\u00bbPRONTO ABRIR\u00c1 LA INSCRIPCI\u00d3N, CONSULTANOS!\u00bb color=\u00bbdanger\u00bb i_icon_fontawesome=\u00bbfas fa-mobile-alt\u00bb add_icon=\u00bbtrue\u00bb link=\u00bburl:https%3A%2F%2Fwa.me%2Fmessage%2FCNPDDPLNDV2MF1&#8243;][\/vc_column][\/vc_row]","protected":false},"excerpt":{"rendered":"<p>[vc_row gap=\u00bb15&#8243;][vc_column width=\u00bb1\/3&#8243; css=\u00bb.vc_custom_1733691750174{background-color: #f2f2f2 !important;}\u00bb][vc_single_image image=\u00bb231&#8243; img_size=\u00bb400X400&#8243;][vc_column_text] MARZO: 25 y 27 C\u00d3MO VENDER EN REDES SOCIALES CON AUTOMATIZACI\u00d3N [\/vc_column_text][vc_column_text] Dise\u00f1a campa\u00f1as en META y utiliz\u00e1 la Inteligencia Artificial para automatizar y generar consultas de inter\u00e9s y potenciales de cierre de ventas [\/vc_column_text][vc_column_text] Cantidad de encuentros: 2 de 2 horas cada uno<\/p>\n","protected":false},"author":1,"featured_media":0,"parent":0,"menu_order":0,"comment_status":"closed","ping_status":"closed","template":"","meta":{"cybocfi_hide_featured_image":"","footnotes":""},"class_list":["post-220","page","type-page","status-publish","hentry"],"yoast_head":"<!-- This site is optimized with the Yoast SEO plugin v25.3 - https:\/\/yoast.com\/wordpress\/plugins\/seo\/ -->\n<title>CALENDARIO DE CURSOS Y TALLERES 2025 - DIMEO MARKETING<\/title>\n<meta name=\"description\" content=\"Cursos y Talleres para Agencias de Viajes y Turismo. T\u00e9cnicas de Venta online y presencial, C\u00f3mo vender online, y m\u00e1s!\" \/>\n<meta name=\"robots\" content=\"index, follow, max-snippet:-1, max-image-preview:large, max-video-preview:-1\" \/>\n<link rel=\"canonical\" href=\"https:\/\/dimeomarketing.com\/index.php\/cursos\/\" \/>\n<meta property=\"og:locale\" content=\"es_ES\" \/>\n<meta property=\"og:type\" content=\"article\" \/>\n<meta property=\"og:title\" content=\"CALENDARIO DE CURSOS Y TALLERES 2025 - DIMEO MARKETING\" \/>\n<meta property=\"og:description\" content=\"Cursos y Talleres para Agencias de Viajes y Turismo. T\u00e9cnicas de Venta online y presencial, C\u00f3mo vender online, y m\u00e1s!\" \/>\n<meta property=\"og:url\" content=\"https:\/\/dimeomarketing.com\/index.php\/cursos\/\" \/>\n<meta property=\"og:site_name\" content=\"DIMEO MARKETING\" \/>\n<meta property=\"article:publisher\" content=\"https:\/\/www.facebook.com\/dimeomarketing\" \/>\n<meta property=\"article:modified_time\" content=\"2025-03-07T00:00:20+00:00\" \/>\n<meta name=\"twitter:card\" content=\"summary_large_image\" \/>\n<meta name=\"twitter:label1\" content=\"Tiempo de lectura\" \/>\n\t<meta name=\"twitter:data1\" content=\"3 minutos\" \/>\n<script type=\"application\/ld+json\" class=\"yoast-schema-graph\">{\"@context\":\"https:\/\/schema.org\",\"@graph\":[{\"@type\":\"WebPage\",\"@id\":\"https:\/\/dimeomarketing.com\/index.php\/cursos\/\",\"url\":\"https:\/\/dimeomarketing.com\/index.php\/cursos\/\",\"name\":\"CALENDARIO DE CURSOS Y TALLERES 2025 - DIMEO MARKETING\",\"isPartOf\":{\"@id\":\"https:\/\/dimeomarketing.com\/#website\"},\"datePublished\":\"2024-12-08T21:47:30+00:00\",\"dateModified\":\"2025-03-07T00:00:20+00:00\",\"description\":\"Cursos y Talleres para Agencias de Viajes y Turismo. T\u00e9cnicas de Venta online y presencial, C\u00f3mo vender online, y m\u00e1s!\",\"breadcrumb\":{\"@id\":\"https:\/\/dimeomarketing.com\/index.php\/cursos\/#breadcrumb\"},\"inLanguage\":\"es\",\"potentialAction\":[{\"@type\":\"ReadAction\",\"target\":[\"https:\/\/dimeomarketing.com\/index.php\/cursos\/\"]}]},{\"@type\":\"BreadcrumbList\",\"@id\":\"https:\/\/dimeomarketing.com\/index.php\/cursos\/#breadcrumb\",\"itemListElement\":[{\"@type\":\"ListItem\",\"position\":1,\"name\":\"Portada\",\"item\":\"https:\/\/dimeomarketing.com\/\"},{\"@type\":\"ListItem\",\"position\":2,\"name\":\"CALENDARIO DE CURSOS Y TALLERES 2025\"}]},{\"@type\":\"WebSite\",\"@id\":\"https:\/\/dimeomarketing.com\/#website\",\"url\":\"https:\/\/dimeomarketing.com\/\",\"name\":\"dimeomarketing.com\",\"description\":\"CONSULTORIA EN MARKETING TURISTICO\",\"publisher\":{\"@id\":\"https:\/\/dimeomarketing.com\/#organization\"},\"potentialAction\":[{\"@type\":\"SearchAction\",\"target\":{\"@type\":\"EntryPoint\",\"urlTemplate\":\"https:\/\/dimeomarketing.com\/?s={search_term_string}\"},\"query-input\":{\"@type\":\"PropertyValueSpecification\",\"valueRequired\":true,\"valueName\":\"search_term_string\"}}],\"inLanguage\":\"es\"},{\"@type\":\"Organization\",\"@id\":\"https:\/\/dimeomarketing.com\/#organization\",\"name\":\"dimeomarketing.com\",\"url\":\"https:\/\/dimeomarketing.com\/\",\"logo\":{\"@type\":\"ImageObject\",\"inLanguage\":\"es\",\"@id\":\"https:\/\/dimeomarketing.com\/#\/schema\/logo\/image\/\",\"url\":\"https:\/\/dimeomarketing.com\/wp-content\/uploads\/2023\/07\/dimeo_marketing_logo.png\",\"contentUrl\":\"https:\/\/dimeomarketing.com\/wp-content\/uploads\/2023\/07\/dimeo_marketing_logo.png\",\"width\":3641,\"height\":1059,\"caption\":\"dimeomarketing.com\"},\"image\":{\"@id\":\"https:\/\/dimeomarketing.com\/#\/schema\/logo\/image\/\"},\"sameAs\":[\"https:\/\/www.facebook.com\/dimeomarketing\",\"https:\/\/www.instagram.com\/dimeomarketing\/\",\"https:\/\/www.youtube.com\/channel\/UCXS8uiAfUXZUVmj3T12qXbQ\",\"https:\/\/www.linkedin.com\/in\/dimeomarketing\/\"]}]}<\/script>\n<!-- \/ Yoast SEO plugin. -->","yoast_head_json":{"title":"CALENDARIO DE CURSOS Y TALLERES 2025 - DIMEO MARKETING","description":"Cursos y Talleres para Agencias de Viajes y Turismo. T\u00e9cnicas de Venta online y presencial, C\u00f3mo vender online, y m\u00e1s!","robots":{"index":"index","follow":"follow","max-snippet":"max-snippet:-1","max-image-preview":"max-image-preview:large","max-video-preview":"max-video-preview:-1"},"canonical":"https:\/\/dimeomarketing.com\/index.php\/cursos\/","og_locale":"es_ES","og_type":"article","og_title":"CALENDARIO DE CURSOS Y TALLERES 2025 - DIMEO MARKETING","og_description":"Cursos y Talleres para Agencias de Viajes y Turismo. T\u00e9cnicas de Venta online y presencial, C\u00f3mo vender online, y m\u00e1s!","og_url":"https:\/\/dimeomarketing.com\/index.php\/cursos\/","og_site_name":"DIMEO MARKETING","article_publisher":"https:\/\/www.facebook.com\/dimeomarketing","article_modified_time":"2025-03-07T00:00:20+00:00","twitter_card":"summary_large_image","twitter_misc":{"Tiempo de lectura":"3 minutos"},"schema":{"@context":"https:\/\/schema.org","@graph":[{"@type":"WebPage","@id":"https:\/\/dimeomarketing.com\/index.php\/cursos\/","url":"https:\/\/dimeomarketing.com\/index.php\/cursos\/","name":"CALENDARIO DE CURSOS Y TALLERES 2025 - DIMEO MARKETING","isPartOf":{"@id":"https:\/\/dimeomarketing.com\/#website"},"datePublished":"2024-12-08T21:47:30+00:00","dateModified":"2025-03-07T00:00:20+00:00","description":"Cursos y Talleres para Agencias de Viajes y Turismo. T\u00e9cnicas de Venta online y presencial, C\u00f3mo vender online, y m\u00e1s!","breadcrumb":{"@id":"https:\/\/dimeomarketing.com\/index.php\/cursos\/#breadcrumb"},"inLanguage":"es","potentialAction":[{"@type":"ReadAction","target":["https:\/\/dimeomarketing.com\/index.php\/cursos\/"]}]},{"@type":"BreadcrumbList","@id":"https:\/\/dimeomarketing.com\/index.php\/cursos\/#breadcrumb","itemListElement":[{"@type":"ListItem","position":1,"name":"Portada","item":"https:\/\/dimeomarketing.com\/"},{"@type":"ListItem","position":2,"name":"CALENDARIO DE CURSOS Y TALLERES 2025"}]},{"@type":"WebSite","@id":"https:\/\/dimeomarketing.com\/#website","url":"https:\/\/dimeomarketing.com\/","name":"dimeomarketing.com","description":"CONSULTORIA EN MARKETING TURISTICO","publisher":{"@id":"https:\/\/dimeomarketing.com\/#organization"},"potentialAction":[{"@type":"SearchAction","target":{"@type":"EntryPoint","urlTemplate":"https:\/\/dimeomarketing.com\/?s={search_term_string}"},"query-input":{"@type":"PropertyValueSpecification","valueRequired":true,"valueName":"search_term_string"}}],"inLanguage":"es"},{"@type":"Organization","@id":"https:\/\/dimeomarketing.com\/#organization","name":"dimeomarketing.com","url":"https:\/\/dimeomarketing.com\/","logo":{"@type":"ImageObject","inLanguage":"es","@id":"https:\/\/dimeomarketing.com\/#\/schema\/logo\/image\/","url":"https:\/\/dimeomarketing.com\/wp-content\/uploads\/2023\/07\/dimeo_marketing_logo.png","contentUrl":"https:\/\/dimeomarketing.com\/wp-content\/uploads\/2023\/07\/dimeo_marketing_logo.png","width":3641,"height":1059,"caption":"dimeomarketing.com"},"image":{"@id":"https:\/\/dimeomarketing.com\/#\/schema\/logo\/image\/"},"sameAs":["https:\/\/www.facebook.com\/dimeomarketing","https:\/\/www.instagram.com\/dimeomarketing\/","https:\/\/www.youtube.com\/channel\/UCXS8uiAfUXZUVmj3T12qXbQ","https:\/\/www.linkedin.com\/in\/dimeomarketing\/"]}]}},"_links":{"self":[{"href":"https:\/\/dimeomarketing.com\/index.php\/wp-json\/wp\/v2\/pages\/220","targetHints":{"allow":["GET"]}}],"collection":[{"href":"https:\/\/dimeomarketing.com\/index.php\/wp-json\/wp\/v2\/pages"}],"about":[{"href":"https:\/\/dimeomarketing.com\/index.php\/wp-json\/wp\/v2\/types\/page"}],"author":[{"embeddable":true,"href":"https:\/\/dimeomarketing.com\/index.php\/wp-json\/wp\/v2\/users\/1"}],"replies":[{"embeddable":true,"href":"https:\/\/dimeomarketing.com\/index.php\/wp-json\/wp\/v2\/comments?post=220"}],"version-history":[{"count":28,"href":"https:\/\/dimeomarketing.com\/index.php\/wp-json\/wp\/v2\/pages\/220\/revisions"}],"predecessor-version":[{"id":297,"href":"https:\/\/dimeomarketing.com\/index.php\/wp-json\/wp\/v2\/pages\/220\/revisions\/297"}],"wp:attachment":[{"href":"https:\/\/dimeomarketing.com\/index.php\/wp-json\/wp\/v2\/media?parent=220"}],"curies":[{"name":"wp","href":"https:\/\/api.w.org\/{rel}","templated":true}]}}